{"id":16,"date":"2013-09-03T01:32:19","date_gmt":"2013-09-03T06:02:19","guid":{"rendered":"http:\/\/www.andreaimaginario.com\/sitee\/?page_id=16"},"modified":"2025-06-25T14:18:14","modified_gmt":"2025-06-25T18:18:14","slug":"musica","status":"publish","type":"page","link":"http:\/\/www.andreaimaginario.com\/sitee\/musica\/","title":{"rendered":"M\u00fasica"},"content":{"rendered":"<p>[et_pb_section fb_built=\u00bb1&#8243; _builder_version=\u00bb3.0.105&#8243; background_image=\u00bbhttp:\/\/www.andreaimaginario.com\/sitee\/wp-content\/uploads\/2018\/06\/fondo_andrea_musica.png\u00bb custom_padding=\u00bb30px|0px|375px|0px\u00bb][et_pb_row custom_padding=\u00bb0px|0px|27px|0px\u00bb _builder_version=\u00bb3.0.105&#8243;][et_pb_column type=\u00bb4_4&#8243; _builder_version=\u00bb3.0.47&#8243; parallax=\u00bboff\u00bb parallax_method=\u00bbon\u00bb][et_pb_text _builder_version=\u00bb3.0.105&#8243;]<\/p>\n<p style=\"text-align: right;\">\u00a9 Fotograf\u00eda de Emilio M\u00e9ndez<\/p>\n<p>[\/et_pb_text][\/et_pb_column][\/et_pb_row][\/et_pb_section][et_pb_section fb_built=\u00bb1&#8243; _builder_version=\u00bb3.0.105&#8243;][et_pb_row _builder_version=\u00bb3.0.105&#8243;][et_pb_column type=\u00bb4_4&#8243; _builder_version=\u00bb3.0.105&#8243; parallax=\u00bboff\u00bb parallax_method=\u00bbon\u00bb][et_pb_text _builder_version=\u00bb3.0.105&#8243;]<\/p>\n<h1>Discograf\u00eda (disponible en todas las plataformas)<\/h1>\n<p>[\/et_pb_text][\/et_pb_column][\/et_pb_row][et_pb_row _builder_version=\u00bb3.0.105&#8243;][et_pb_column type=\u00bb1_3&#8243; _builder_version=\u00bb3.0.105&#8243; parallax=\u00bboff\u00bb parallax_method=\u00bbon\u00bb][et_pb_code _builder_version=\u00bb3.0.105&#8243;]&lt;iframe style=&quot;border-radius:12px&quot; src=&quot;https:\/\/open.spotify.com\/embed\/playlist\/4nfhPsGL4Z3XWJ9LbMUzBR?utm_source=generator&amp;theme=0&quot; width=&quot;100%&quot; height=&quot;352&quot; frameBorder=&quot;0&quot; allowfullscreen=&quot;&quot; allow=&quot;autoplay; clipboard-write; encrypted-media; fullscreen; picture-in-picture&quot; loading=&quot;lazy&quot;&gt;&lt;\/iframe&gt;[\/et_pb_code][\/et_pb_column][et_pb_column type=\u00bb1_3&#8243; _builder_version=\u00bb3.0.105&#8243; parallax=\u00bboff\u00bb parallax_method=\u00bbon\u00bb][et_pb_code _builder_version=\u00bb3.0.105&#8243;]&lt;iframe style=&quot;border-radius:12px&quot; src=&quot;https:\/\/open.spotify.com\/embed\/album\/4PaHn9frmNmpQTM3XGuVgQ?utm_source=generator&quot; width=&quot;100%&quot; height=&quot;352&quot; frameBorder=&quot;0&quot; allowfullscreen=&quot;&quot; allow=&quot;autoplay; clipboard-write; encrypted-media; fullscreen; picture-in-picture&quot; loading=&quot;lazy&quot;&gt;&lt;\/iframe&gt;[\/et_pb_code][\/et_pb_column][et_pb_column type=\u00bb1_3&#8243; _builder_version=\u00bb3.0.105&#8243; parallax=\u00bboff\u00bb parallax_method=\u00bbon\u00bb][et_pb_code _builder_version=\u00bb3.0.105&#8243;]&lt;iframe style=&quot;border-radius:12px&quot; src=&quot;https:\/\/open.spotify.com\/embed\/album\/7kKuQYvQyjDVlLySYTXKeT?utm_source=generator&quot; width=&quot;100%&quot; height=&quot;352&quot; frameBorder=&quot;0&quot; allowfullscreen=&quot;&quot; allow=&quot;autoplay; clipboard-write; encrypted-media; fullscreen; picture-in-picture&quot; loading=&quot;lazy&quot;&gt;&lt;\/iframe&gt;[\/et_pb_code][\/et_pb_column][\/et_pb_row][et_pb_row _builder_version=\u00bb3.0.105&#8243;][et_pb_column type=\u00bb1_3&#8243; _builder_version=\u00bb3.0.105&#8243; parallax=\u00bboff\u00bb parallax_method=\u00bbon\u00bb][et_pb_code _builder_version=\u00bb3.0.105&#8243;]&lt;iframe style=&quot;border-radius:12px&quot; src=&quot;https:\/\/open.spotify.com\/embed\/album\/7hYAJLBr7OMMPFYC2SISwh?utm_source=generator&quot; width=&quot;100%&quot; height=&quot;352&quot; frameBorder=&quot;0&quot; allowfullscreen=&quot;&quot; allow=&quot;autoplay; clipboard-write; encrypted-media; fullscreen; picture-in-picture&quot; loading=&quot;lazy&quot;&gt;&lt;\/iframe&gt;[\/et_pb_code][\/et_pb_column][et_pb_column type=\u00bb1_3&#8243; _builder_version=\u00bb3.0.105&#8243; parallax=\u00bboff\u00bb parallax_method=\u00bbon\u00bb][et_pb_code _builder_version=\u00bb3.0.105&#8243;]&lt;iframe style=&quot;border-radius:12px&quot; src=&quot;https:\/\/open.spotify.com\/embed\/album\/6EEErzmd3YJznr521nUMnu?utm_source=generator&quot; width=&quot;100%&quot; height=&quot;352&quot; frameBorder=&quot;0&quot; allowfullscreen=&quot;&quot; allow=&quot;autoplay; clipboard-write; encrypted-media; fullscreen; picture-in-picture&quot; loading=&quot;lazy&quot;&gt;&lt;\/iframe&gt;[\/et_pb_code][\/et_pb_column][et_pb_column type=\u00bb1_3&#8243; _builder_version=\u00bb3.0.105&#8243; parallax=\u00bboff\u00bb parallax_method=\u00bbon\u00bb][et_pb_code _builder_version=\u00bb3.0.105&#8243;][\/et_pb_code][\/et_pb_column][\/et_pb_row][et_pb_row _builder_version=\u00bb3.0.105&#8243;][et_pb_column type=\u00bb4_4&#8243; _builder_version=\u00bb3.0.105&#8243; parallax=\u00bboff\u00bb parallax_method=\u00bbon\u00bb][et_pb_text _builder_version=\u00bb3.0.105&#8243;]<\/p>\n<h1>Discograf\u00eda religiosa<\/h1>\n<p>[\/et_pb_text][\/et_pb_column][\/et_pb_row][et_pb_row _builder_version=\u00bb3.0.105&#8243;][et_pb_column type=\u00bb1_3&#8243; _builder_version=\u00bb3.0.105&#8243; parallax=\u00bboff\u00bb parallax_method=\u00bbon\u00bb][et_pb_code _builder_version=\u00bb3.0.105&#8243;]&lt;iframe style=&quot;border-radius:12px&quot; src=&quot;https:\/\/open.spotify.com\/embed\/album\/54x9Fo5LEZ8ocE4dgDVlp6?utm_source=generator&quot; width=&quot;100%&quot; height=&quot;352&quot; frameBorder=&quot;0&quot; allowfullscreen=&quot;&quot; allow=&quot;autoplay; clipboard-write; encrypted-media; fullscreen; picture-in-picture&quot; loading=&quot;lazy&quot;&gt;&lt;\/iframe&gt;[\/et_pb_code][\/et_pb_column][et_pb_column type=\u00bb1_3&#8243; _builder_version=\u00bb3.0.105&#8243; parallax=\u00bboff\u00bb parallax_method=\u00bbon\u00bb][et_pb_code _builder_version=\u00bb3.0.105&#8243;]&lt;iframe style=&quot;border-radius:12px&quot; src=&quot;https:\/\/open.spotify.com\/embed\/artist\/1FxGXC2SZV8Q83yrvLxUql?utm_source=generator&quot; width=&quot;100%&quot; height=&quot;352&quot; frameBorder=&quot;0&quot; allowfullscreen=&quot;&quot; allow=&quot;autoplay; clipboard-write; encrypted-media; fullscreen; picture-in-picture&quot; loading=&quot;lazy&quot;&gt;&lt;\/iframe&gt;[\/et_pb_code][\/et_pb_column][et_pb_column type=\u00bb1_3&#8243; _builder_version=\u00bb3.0.105&#8243; parallax=\u00bboff\u00bb parallax_method=\u00bbon\u00bb][\/et_pb_column][\/et_pb_row][\/et_pb_section]<\/p>\n","protected":false},"excerpt":{"rendered":"<p>Con 5 producciones discogr\u00e1ficas en el mercado, Andrea Imaginario se prepara para la promoci\u00f3n del m\u00e1s reciente trabajo llamado \u00abSaudades (tributo a Luis de Camoes)\u00bb presentado el pasado 24 de noviembre de 2017. Ingrese aqu\u00ed para obtener informaci\u00f3n sobre puntos de venta y distribuci\u00f3n de sus discos.<\/p>\n","protected":false},"author":1,"featured_media":877,"parent":0,"menu_order":0,"comment_status":"closed","ping_status":"closed","template":"","meta":[],"_links":{"self":[{"href":"http:\/\/www.andreaimaginario.com\/sitee\/wp-json\/wp\/v2\/pages\/16"}],"collection":[{"href":"http:\/\/www.andreaimaginario.com\/sitee\/wp-json\/wp\/v2\/pages"}],"about":[{"href":"http:\/\/www.andreaimaginario.com\/sitee\/wp-json\/wp\/v2\/types\/page"}],"author":[{"embeddable":true,"href":"http:\/\/www.andreaimaginario.com\/sitee\/wp-json\/wp\/v2\/users\/1"}],"replies":[{"embeddable":true,"href":"http:\/\/www.andreaimaginario.com\/sitee\/wp-json\/wp\/v2\/comments?post=16"}],"version-history":[{"count":113,"href":"http:\/\/www.andreaimaginario.com\/sitee\/wp-json\/wp\/v2\/pages\/16\/revisions"}],"predecessor-version":[{"id":2075,"href":"http:\/\/www.andreaimaginario.com\/sitee\/wp-json\/wp\/v2\/pages\/16\/revisions\/2075"}],"wp:featuredmedia":[{"embeddable":true,"href":"http:\/\/www.andreaimaginario.com\/sitee\/wp-json\/wp\/v2\/media\/877"}],"wp:attachment":[{"href":"http:\/\/www.andreaimaginario.com\/sitee\/wp-json\/wp\/v2\/media?parent=16"}],"curies":[{"name":"wp","href":"https:\/\/api.w.org\/{rel}","templated":true}]}}