{"id":1937,"date":"2021-05-10T18:16:17","date_gmt":"2021-05-10T22:16:17","guid":{"rendered":"http:\/\/www.andreaimaginario.com\/sitee\/?page_id=1937"},"modified":"2021-05-10T18:28:44","modified_gmt":"2021-05-10T22:28:44","slug":"politica-de-privacidad","status":"publish","type":"page","link":"http:\/\/www.andreaimaginario.com\/sitee\/politica-de-privacidad\/","title":{"rendered":"Pol\u00edtica de privacidad"},"content":{"rendered":"<p>[et_pb_section fb_built=\u00bb1&#8243; _builder_version=\u00bb3.0.47&#8243;][et_pb_row _builder_version=\u00bb3.0.47&#8243; background_size=\u00bbinitial\u00bb background_position=\u00bbtop_left\u00bb background_repeat=\u00bbrepeat\u00bb][et_pb_column type=\u00bb4_4&#8243; _builder_version=\u00bb3.0.47&#8243; parallax=\u00bboff\u00bb parallax_method=\u00bbon\u00bb][et_pb_text _builder_version=\u00bb3.0.47&#8243; background_size=\u00bbinitial\u00bb background_position=\u00bbtop_left\u00bb background_repeat=\u00bbrepeat\u00bb]<\/p>\n<h2>Qui\u00e9nes somos<\/h2>\n<p>La direcci\u00f3n de nuestra web es: <a href=\"..\/\">http:\/\/www.andreaimaginario.com\/sitee<\/a>.<\/p>\n<h2>Qu\u00e9 datos personales recogemos y por qu\u00e9 los recogemos<\/h2>\n<h3>Formulario de contacto<\/h3>\n<p>En la secci\u00f3n formulario de contacto, recogemos el nombre de usuario y correo electr\u00f3nico que proporciones, a fin de enviarte noticias sobre las actividades art\u00edsticas y culturales que realizamos. Conservamos estos datos hasta que el usuario decida darse de baja. No utilizamos esta informaci\u00f3n con fines de marketing ni la vendemos a terceros.<\/p>\n<h3>Cookies<\/h3>\n<p>Si tienes una cuenta y te conectas a este sitio, instalaremos una cookie temporal para determinar si tu navegador acepta cookies. Esta cookie no contiene datos personales y se elimina al cerrar el navegador.<\/p>\n<h3>Contenido incrustado de otros sitios web<\/h3>\n<p>Los art\u00edculos de este sitio pueden incluir contenido incrustado (por ejemplo, v\u00eddeos, im\u00e1genes, art\u00edculos, etc.). El contenido incrustado de otras web se comporta exactamente de la misma manera que si el visitante hubiera visitado la otra web.<\/p>\n<p>Estas web pueden recopilar datos sobre ti, utilizar cookies, incrustar un seguimiento adicional de terceros, y supervisar tu interacci\u00f3n con ese contenido incrustado, incluido el seguimiento de tu interacci\u00f3n con el contenido incrustado si tienes una cuenta y est\u00e1s conectado a esa web.<\/p>\n<h2>Cu\u00e1nto tiempo conservamos tus datos<\/h2>\n<p>Todos los suscriptores a nuestra lista de correo pueden darse de baja en cualquier momento.<\/p>\n<h2>Qu\u00e9 derechos tienes sobre tus datos<\/h2>\n<p>Puedes solicitar que eliminemos cualquier dato personal que tengamos sobre ti. Esto no incluye ning\u00fan dato que estemos obligados a conservar con fines administrativos, legales o de seguridad.<\/p>\n<h2>D\u00f3nde enviamos tus datos<\/h2>\n<p>Los comentarios de los visitantes puede que los revise un servicio de detecci\u00f3n autom\u00e1tica de spam.<\/p>\n<p>[\/et_pb_text][\/et_pb_column][\/et_pb_row][\/et_pb_section]<\/p>\n","protected":false},"excerpt":{"rendered":"<p>[et_pb_section fb_built=\u00bb1&#8243; _builder_version=\u00bb3.0.47&#8243;][et_pb_row _builder_version=\u00bb3.0.47&#8243; background_size=\u00bbinitial\u00bb background_position=\u00bbtop_left\u00bb background_repeat=\u00bbrepeat\u00bb][et_pb_column type=\u00bb4_4&#8243; _builder_version=\u00bb3.0.47&#8243; parallax=\u00bboff\u00bb parallax_method=\u00bbon\u00bb][et_pb_text _builder_version=\u00bb3.0.47&#8243; background_size=\u00bbinitial\u00bb background_position=\u00bbtop_left\u00bb background_repeat=\u00bbrepeat\u00bb] Qui\u00e9nes somos La direcci\u00f3n de nuestra web es: http:\/\/www.andreaimaginario.com\/sitee. Qu\u00e9 datos personales recogemos y por qu\u00e9 los recogemos Formulario de contacto En la secci\u00f3n formulario de contacto, recogemos el nombre de usuario y correo electr\u00f3nico que proporciones, a fin de [&hellip;]<\/p>\n","protected":false},"author":1,"featured_media":0,"parent":0,"menu_order":0,"comment_status":"closed","ping_status":"closed","template":"","meta":[],"_links":{"self":[{"href":"http:\/\/www.andreaimaginario.com\/sitee\/wp-json\/wp\/v2\/pages\/1937"}],"collection":[{"href":"http:\/\/www.andreaimaginario.com\/sitee\/wp-json\/wp\/v2\/pages"}],"about":[{"href":"http:\/\/www.andreaimaginario.com\/sitee\/wp-json\/wp\/v2\/types\/page"}],"author":[{"embeddable":true,"href":"http:\/\/www.andreaimaginario.com\/sitee\/wp-json\/wp\/v2\/users\/1"}],"replies":[{"embeddable":true,"href":"http:\/\/www.andreaimaginario.com\/sitee\/wp-json\/wp\/v2\/comments?post=1937"}],"version-history":[{"count":9,"href":"http:\/\/www.andreaimaginario.com\/sitee\/wp-json\/wp\/v2\/pages\/1937\/revisions"}],"predecessor-version":[{"id":1949,"href":"http:\/\/www.andreaimaginario.com\/sitee\/wp-json\/wp\/v2\/pages\/1937\/revisions\/1949"}],"wp:attachment":[{"href":"http:\/\/www.andreaimaginario.com\/sitee\/wp-json\/wp\/v2\/media?parent=1937"}],"curies":[{"name":"wp","href":"https:\/\/api.w.org\/{rel}","templated":true}]}}