{"id":26,"date":"2013-09-03T01:36:15","date_gmt":"2013-09-03T01:36:15","guid":{"rendered":"http:\/\/www.andreaimaginario.com\/sitee\/?page_id=26"},"modified":"2021-05-09T07:09:51","modified_gmt":"2021-05-09T11:09:51","slug":"galeria","status":"publish","type":"page","link":"http:\/\/www.andreaimaginario.com\/sitee\/galeria\/","title":{"rendered":"Galer\u00eda"},"content":{"rendered":"<p>[et_pb_section fb_built=\u00bb1&#8243; _builder_version=\u00bb3.0.105&#8243; use_background_color_gradient=\u00bbon\u00bb background_color_gradient_start=\u00bb#bbb3a6&#8243; background_color_gradient_end=\u00bb#d8d3cc\u00bb][et_pb_row _builder_version=\u00bb3.0.105&#8243; background_size=\u00bbinitial\u00bb background_position=\u00bbtop_left\u00bb background_repeat=\u00bbrepeat\u00bb][et_pb_column type=\u00bb1_3&#8243; _builder_version=\u00bb3.0.47&#8243; parallax=\u00bboff\u00bb parallax_method=\u00bbon\u00bb][et_pb_text _builder_version=\u00bb3.0.105&#8243; text_font=\u00bb|||||on|||\u00bb]<\/p>\n<h1 style=\"text-align: center;\">En estudio<\/h1>\n<p>[\/et_pb_text][et_pb_divider show_divider=\u00bbon\u00bb _builder_version=\u00bb3.0.105&#8243;][\/et_pb_divider][et_pb_gallery gallery_ids=\u00bb1581,1584,1582,1585,1587,1586,1576,1577,1595,1594,1569,1568,1570,1571,1574,1573,1572,1575&#8243; fullwidth=\u00bbon\u00bb hover_icon=\u00bb%%24%%\u00bb admin_label=\u00bbEn estudio \u00bb _builder_version=\u00bb3.0.105&#8243; pagination_font_size_tablet=\u00bb51&#8243; pagination_line_height_tablet=\u00bb2&#8243; border_width_all=\u00bb3px\u00bb border_color_all=\u00bb#e0c2c0&#8243; animation_style=\u00bbfold\u00bb auto=\u00bbon\u00bb box_shadow_style=\u00bbpreset1&#8243;][\/et_pb_gallery][\/et_pb_column][et_pb_column type=\u00bb1_3&#8243; _builder_version=\u00bb3.0.47&#8243; parallax=\u00bboff\u00bb parallax_method=\u00bbon\u00bb][et_pb_text _builder_version=\u00bb3.0.105&#8243; text_font=\u00bb|||||on|||\u00bb]<\/p>\n<h1 style=\"text-align: center;\">Conciertos<\/h1>\n<p>[\/et_pb_text][et_pb_divider show_divider=\u00bbon\u00bb _builder_version=\u00bb3.0.105&#8243;][\/et_pb_divider][et_pb_gallery gallery_ids=\u00bb351,146,346,525,520,518,583,757,763,759,762&#8243; fullwidth=\u00bbon\u00bb hover_icon=\u00bb%%20%%\u00bb admin_label=\u00bbConciertos\u00bb _builder_version=\u00bb3.0.105&#8243; pagination_font_size_tablet=\u00bb51&#8243; pagination_line_height_tablet=\u00bb2&#8243; border_width_all=\u00bb3px\u00bb border_color_all=\u00bb#e0c2c0&#8243; animation_style=\u00bbfold\u00bb auto=\u00bbon\u00bb box_shadow_style=\u00bbpreset1&#8243;][\/et_pb_gallery][\/et_pb_column][et_pb_column type=\u00bb1_3&#8243; _builder_version=\u00bb3.0.47&#8243; parallax=\u00bboff\u00bb parallax_method=\u00bbon\u00bb][et_pb_text _builder_version=\u00bb3.0.105&#8243; text_font=\u00bb|||||on|||\u00bb]<\/p>\n<h1 style=\"text-align: center;\">Miscel\u00e1neas<\/h1>\n<p>[\/et_pb_text][et_pb_divider show_divider=\u00bbon\u00bb _builder_version=\u00bb3.0.105&#8243;][\/et_pb_divider][et_pb_gallery gallery_ids=\u00bb697,229,935,112,267,273,257,258,259,329,342,695,718,754,818,787,908,906,904,932,938,934,933&#8243; fullwidth=\u00bbon\u00bb hover_icon=\u00bb%%20%%\u00bb admin_label=\u00bbMiscel\u00e1neas\u00bb _builder_version=\u00bb3.0.105&#8243; pagination_font_size_tablet=\u00bb51&#8243; pagination_line_height_tablet=\u00bb2&#8243; border_width_all=\u00bb3px\u00bb border_color_all=\u00bb#e0c2c0&#8243; animation_style=\u00bbfold\u00bb auto=\u00bbon\u00bb box_shadow_style=\u00bbpreset1&#8243;][\/et_pb_gallery][\/et_pb_column][\/et_pb_row][et_pb_row _builder_version=\u00bb3.0.47&#8243; background_size=\u00bbinitial\u00bb background_position=\u00bbtop_left\u00bb background_repeat=\u00bbrepeat\u00bb][et_pb_column type=\u00bb4_4&#8243; _builder_version=\u00bb3.0.47&#8243; parallax=\u00bboff\u00bb parallax_method=\u00bbon\u00bb][et_pb_divider show_divider=\u00bbon\u00bb _builder_version=\u00bb3.0.105&#8243;][\/et_pb_divider][\/et_pb_column][\/et_pb_row][et_pb_row _builder_version=\u00bb3.0.105&#8243;][et_pb_column type=\u00bb4_4&#8243; _builder_version=\u00bb3.0.47&#8243; parallax=\u00bboff\u00bb parallax_method=\u00bbon\u00bb][et_pb_text _builder_version=\u00bb3.0.105&#8243; text_font=\u00bb|||||on|||\u00bb]<\/p>\n<h1 style=\"text-align: center;\">Mi canal de Youtube<\/h1>\n<p>[\/et_pb_text][et_pb_slider _builder_version=\u00bb3.0.105&#8243; background_color=\u00bb#BBB3A6&#8243; custom_margin=\u00bb0px|0px|30px|0px\u00bb custom_padding=\u00bb10px||30px|\u00bb][et_pb_slide use_bg_overlay=\u00bboff\u00bb use_text_overlay=\u00bboff\u00bb _builder_version=\u00bb3.0.105&#8243; custom_button=\u00bboff\u00bb button_on_hover=\u00bbon\u00bb]<iframe loading=\"lazy\" src=\"https:\/\/www.youtube.com\/embed\/6IWkbtflxwM\" width=\"560\" height=\"315\" frameborder=\"0\" allowfullscreen=\"allowfullscreen\"><\/iframe><br \/>\n[\/et_pb_slide][et_pb_slide use_bg_overlay=\u00bboff\u00bb use_text_overlay=\u00bboff\u00bb _builder_version=\u00bb3.0.105&#8243; custom_button=\u00bboff\u00bb button_on_hover=\u00bbon\u00bb]<iframe loading=\"lazy\" src=\"https:\/\/www.youtube.com\/embed\/NTToGSFIYbo\" width=\"560\" height=\"315\" frameborder=\"0\" allowfullscreen=\"allowfullscreen\"><\/iframe><br \/>\n[\/et_pb_slide][et_pb_slide use_bg_overlay=\u00bboff\u00bb use_text_overlay=\u00bboff\u00bb _builder_version=\u00bb3.0.105&#8243; custom_button=\u00bboff\u00bb button_on_hover=\u00bbon\u00bb]<iframe loading=\"lazy\" src=\"https:\/\/www.youtube.com\/embed\/0q6VbgDUa4c\" width=\"560\" height=\"315\" frameborder=\"0\" allowfullscreen=\"allowfullscreen\"><\/iframe><br \/>\n[\/et_pb_slide][et_pb_slide use_bg_overlay=\u00bboff\u00bb use_text_overlay=\u00bboff\u00bb _builder_version=\u00bb3.0.105&#8243; custom_button=\u00bboff\u00bb button_on_hover=\u00bbon\u00bb]<iframe loading=\"lazy\" src=\"https:\/\/www.youtube.com\/embed\/VPNZBQNeuuw\" width=\"560\" height=\"315\" frameborder=\"0\" allowfullscreen=\"allowfullscreen\"><\/iframe><br \/>\n[\/et_pb_slide][\/et_pb_slider][\/et_pb_column][\/et_pb_row][\/et_pb_section]<\/p>\n","protected":false},"excerpt":{"rendered":"<p>Ac\u00e1 las im\u00e1genes de los distintos encuentros que hemos tenido con el p\u00fablico. Todos los eventos compartidos con ustedes en maravillosas im\u00e1genes.<\/p>\n","protected":false},"author":1,"featured_media":0,"parent":0,"menu_order":0,"comment_status":"open","ping_status":"open","template":"","meta":[],"_links":{"self":[{"href":"http:\/\/www.andreaimaginario.com\/sitee\/wp-json\/wp\/v2\/pages\/26"}],"collection":[{"href":"http:\/\/www.andreaimaginario.com\/sitee\/wp-json\/wp\/v2\/pages"}],"about":[{"href":"http:\/\/www.andreaimaginario.com\/sitee\/wp-json\/wp\/v2\/types\/page"}],"author":[{"embeddable":true,"href":"http:\/\/www.andreaimaginario.com\/sitee\/wp-json\/wp\/v2\/users\/1"}],"replies":[{"embeddable":true,"href":"http:\/\/www.andreaimaginario.com\/sitee\/wp-json\/wp\/v2\/comments?post=26"}],"version-history":[{"count":83,"href":"http:\/\/www.andreaimaginario.com\/sitee\/wp-json\/wp\/v2\/pages\/26\/revisions"}],"predecessor-version":[{"id":1913,"href":"http:\/\/www.andreaimaginario.com\/sitee\/wp-json\/wp\/v2\/pages\/26\/revisions\/1913"}],"wp:attachment":[{"href":"http:\/\/www.andreaimaginario.com\/sitee\/wp-json\/wp\/v2\/media?parent=26"}],"curies":[{"name":"wp","href":"https:\/\/api.w.org\/{rel}","templated":true}]}}